{"id":15768,"date":"2024-01-19T11:35:32","date_gmt":"2024-01-19T10:35:32","guid":{"rendered":"http:\/\/hotelsanzaccaria.com\/?page_id=15768"},"modified":"2024-01-19T11:41:56","modified_gmt":"2024-01-19T10:41:56","slug":"whistleblowing-fr","status":"publish","type":"page","link":"http:\/\/hotelsanzaccaria.com\/fr\/whistleblowing-fr\/","title":{"rendered":"Whistleblowing"},"content":{"rendered":"<div class=\"wp-block-image\">\n<figure class=\"aligncenter size-large is-resized\"><img decoding=\"async\" src=\"http:\/\/hotelsanzaccaria.com\/wp-content\/uploads\/2021\/10\/Hotel-San-Zaccaria-Logo-Header.svg\" alt=\"\" width=\"160\" height=\"107\"\/><\/figure><\/div>\n\n\n<div class=\"elementor-widget-container\" style=\"text-align: center; margin: 60px 0;\">\n<h1 class=\"elementor-heading-title elementor-size-default\" style=\"font-size: xx-large;\">Whistleblowing<\/h1>\t\t<\/div>\n\n\n\n<p>SAVOIA &amp; JOLANDA SPA s\u2019est dot\u00e9 d\u2019un syst\u00e8me informatique de gestion des alertes, qui permet de communiquer les violations potentielles \u00e0 l\u2019entreprise de mani\u00e8re totalement anonyme ou confidentielle (\u00e0 la discr\u00e9tion du lanceur d\u2019alerte), garantissant une protection contre toute forme de repr\u00e9sailles. ou des discriminations.<\/p>\n\n\n\n<p>SAVOIA &amp; JOLANDA SPA vous encourage \u00e0 signaler, de bonne foi, tout comportement \u2013 commission ou omission \u2013 r\u00e9alis\u00e9 au sein de SAVOIA &amp; JOLANDA SPA ou dans les relations avec elle, qui viole (ou induit la violation) de la r\u00e9glementation applicable, de ses valeurs ou ses proc\u00e9dures, ou qui pourraient causer un pr\u00e9judice \u00e9conomique ou \u00e0 la r\u00e9putation de l\u2019entreprise elle-m\u00eame.<\/p>\n\n\n\n<p>SAVOIA &amp; JOLANDA SPA assure l\u2019analyse de tous les signalements re\u00e7us et la collecte d\u2019\u00e9l\u00e9ments objectifs visant \u00e0 adopter des mesures pour corriger les violations constat\u00e9es. Le lanceur d\u2019alerte sera toujours inform\u00e9 du r\u00e9sultat des enqu\u00eates sur ce qu\u2019il a signal\u00e9.<\/p>\n\n\n\n<p>Le Portail est enti\u00e8rement fourni sur une infrastructure externe \u00e0 la soci\u00e9t\u00e9 SAVOIA &amp; JOLANDA SPA, sans suivi des donn\u00e9es techniques relatives au r\u00e9seau ou \u00e0 l\u2019appareil utilis\u00e9 afin d\u2019offrir les plus larges garanties de confidentialit\u00e9.<\/p>\n\n\n\n<p>Le portail d\u2019alerte peut \u00eatre utilis\u00e9 \u00e0 partir de PC et<\/p>\n\n\n\n<div style=\"margin-top:30px\"><a href=\"https:\/\/hotelsavoiajolanda.segnalazioni.net\/\" target=\"_blank\" rel=\"noopener\" style=\"font-size:20px;color:rgb(97, 80, 100)\">ACC\u00c8S AU PORTAIL<\/a><\/div>","protected":false},"excerpt":{"rendered":"<p>Whistleblowing SAVOIA &amp; JOLANDA SPA s\u2019est dot\u00e9 d\u2019un syst\u00e8me informatique de gestion des alertes, qui permet de communiquer les violations potentielles \u00e0 l\u2019entreprise de mani\u00e8re totalement anonyme ou confidentielle (\u00e0 la discr\u00e9tion du lanceur d\u2019alerte), garantissant une protection contre toute forme de repr\u00e9sailles. ou des discriminations. SAVOIA &amp; JOLANDA SPA vous encourage \u00e0 signaler, de [&hellip;]<\/p>","protected":false},"author":10,"featured_media":0,"parent":0,"menu_order":0,"comment_status":"closed","ping_status":"closed","template":"","meta":{"inline_featured_image":false,"footnotes":""},"class_list":["post-15768","page","type-page","status-publish","hentry"],"yoast_head":"<!-- This site is optimized with the Yoast SEO plugin v24.1 - https:\/\/yoast.com\/wordpress\/plugins\/seo\/ -->\n<title>Whistleblowing - Hotel San Zaccaria<\/title>\n<meta name=\"robots\" content=\"index, follow, max-snippet:-1, max-image-preview:large, max-video-preview:-1\" \/>\n<link rel=\"canonical\" href=\"http:\/\/hotelsanzaccaria.com\/fr\/whistleblowing-fr\/\" \/>\n<meta property=\"og:locale\" content=\"fr_FR\" \/>\n<meta property=\"og:type\" content=\"article\" \/>\n<meta property=\"og:title\" content=\"Whistleblowing - Hotel San Zaccaria\" \/>\n<meta property=\"og:description\" content=\"Whistleblowing SAVOIA &amp; JOLANDA SPA s\u2019est dot\u00e9 d\u2019un syst\u00e8me informatique de gestion des alertes, qui permet de communiquer les violations potentielles \u00e0 l\u2019entreprise de mani\u00e8re totalement anonyme ou confidentielle (\u00e0 la discr\u00e9tion du lanceur d\u2019alerte), garantissant une protection contre toute forme de repr\u00e9sailles. ou des discriminations. SAVOIA &amp; JOLANDA SPA vous encourage \u00e0 signaler, de [&hellip;]\" \/>\n<meta property=\"og:url\" content=\"http:\/\/hotelsanzaccaria.com\/fr\/whistleblowing-fr\/\" \/>\n<meta property=\"og:site_name\" content=\"Hotel San Zaccaria\" \/>\n<meta property=\"article:modified_time\" content=\"2024-01-19T10:41:56+00:00\" \/>\n<meta property=\"og:image\" content=\"http:\/\/hotelsanzaccaria.com\/wp-content\/uploads\/2021\/10\/Hotel-San-Zaccaria-Logo-Header.svg\" \/>\n<meta name=\"twitter:card\" content=\"summary_large_image\" \/>\n<meta name=\"twitter:label1\" content=\"Dur\u00e9e de lecture estim\u00e9e\" \/>\n\t<meta name=\"twitter:data1\" content=\"2 minutes\" \/>\n<script type=\"application\/ld+json\" class=\"yoast-schema-graph\">{\"@context\":\"https:\/\/schema.org\",\"@graph\":[{\"@type\":\"WebPage\",\"@id\":\"http:\/\/hotelsanzaccaria.com\/fr\/whistleblowing-fr\/\",\"url\":\"http:\/\/hotelsanzaccaria.com\/fr\/whistleblowing-fr\/\",\"name\":\"Whistleblowing - Hotel San Zaccaria\",\"isPartOf\":{\"@id\":\"http:\/\/hotelsanzaccaria.com\/#website\"},\"primaryImageOfPage\":{\"@id\":\"http:\/\/hotelsanzaccaria.com\/fr\/whistleblowing-fr\/#primaryimage\"},\"image\":{\"@id\":\"http:\/\/hotelsanzaccaria.com\/fr\/whistleblowing-fr\/#primaryimage\"},\"thumbnailUrl\":\"http:\/\/hotelsanzaccaria.com\/wp-content\/uploads\/2021\/10\/Hotel-San-Zaccaria-Logo-Header.svg\",\"datePublished\":\"2024-01-19T10:35:32+00:00\",\"dateModified\":\"2024-01-19T10:41:56+00:00\",\"breadcrumb\":{\"@id\":\"http:\/\/hotelsanzaccaria.com\/fr\/whistleblowing-fr\/#breadcrumb\"},\"inLanguage\":\"fr-FR\",\"potentialAction\":[{\"@type\":\"ReadAction\",\"target\":[\"http:\/\/hotelsanzaccaria.com\/fr\/whistleblowing-fr\/\"]}]},{\"@type\":\"ImageObject\",\"inLanguage\":\"fr-FR\",\"@id\":\"http:\/\/hotelsanzaccaria.com\/fr\/whistleblowing-fr\/#primaryimage\",\"url\":\"http:\/\/hotelsanzaccaria.com\/wp-content\/uploads\/2021\/10\/Hotel-San-Zaccaria-Logo-Header.svg\",\"contentUrl\":\"http:\/\/hotelsanzaccaria.com\/wp-content\/uploads\/2021\/10\/Hotel-San-Zaccaria-Logo-Header.svg\"},{\"@type\":\"BreadcrumbList\",\"@id\":\"http:\/\/hotelsanzaccaria.com\/fr\/whistleblowing-fr\/#breadcrumb\",\"itemListElement\":[{\"@type\":\"ListItem\",\"position\":1,\"name\":\"Home\",\"item\":\"https:\/\/hotelsanzaccaria.com\/\"},{\"@type\":\"ListItem\",\"position\":2,\"name\":\"Whistleblowing\"}]},{\"@type\":\"WebSite\",\"@id\":\"http:\/\/hotelsanzaccaria.com\/#website\",\"url\":\"http:\/\/hotelsanzaccaria.com\/\",\"name\":\"Hotel San Zaccaria\",\"description\":\"Benvenuti a Venezia\",\"publisher\":{\"@id\":\"http:\/\/hotelsanzaccaria.com\/#organization\"},\"potentialAction\":[{\"@type\":\"SearchAction\",\"target\":{\"@type\":\"EntryPoint\",\"urlTemplate\":\"http:\/\/hotelsanzaccaria.com\/?s={search_term_string}\"},\"query-input\":{\"@type\":\"PropertyValueSpecification\",\"valueRequired\":true,\"valueName\":\"search_term_string\"}}],\"inLanguage\":\"fr-FR\"},{\"@type\":\"Organization\",\"@id\":\"http:\/\/hotelsanzaccaria.com\/#organization\",\"name\":\"Hotel San Zaccaria\",\"url\":\"http:\/\/hotelsanzaccaria.com\/\",\"logo\":{\"@type\":\"ImageObject\",\"inLanguage\":\"fr-FR\",\"@id\":\"http:\/\/hotelsanzaccaria.com\/#\/schema\/logo\/image\/\",\"url\":\"http:\/\/hotelsanzaccaria.com\/wp-content\/uploads\/2021\/11\/cropped-Logo-San-Zaccaria.png\",\"contentUrl\":\"http:\/\/hotelsanzaccaria.com\/wp-content\/uploads\/2021\/11\/cropped-Logo-San-Zaccaria.png\",\"width\":414,\"height\":260,\"caption\":\"Hotel San Zaccaria\"},\"image\":{\"@id\":\"http:\/\/hotelsanzaccaria.com\/#\/schema\/logo\/image\/\"}}]}<\/script>\n<!-- \/ Yoast SEO plugin. -->","yoast_head_json":{"title":"Whistleblowing - Hotel San Zaccaria","robots":{"index":"index","follow":"follow","max-snippet":"max-snippet:-1","max-image-preview":"max-image-preview:large","max-video-preview":"max-video-preview:-1"},"canonical":"http:\/\/hotelsanzaccaria.com\/fr\/whistleblowing-fr\/","og_locale":"fr_FR","og_type":"article","og_title":"Whistleblowing - Hotel San Zaccaria","og_description":"Whistleblowing SAVOIA &amp; JOLANDA SPA s\u2019est dot\u00e9 d\u2019un syst\u00e8me informatique de gestion des alertes, qui permet de communiquer les violations potentielles \u00e0 l\u2019entreprise de mani\u00e8re totalement anonyme ou confidentielle (\u00e0 la discr\u00e9tion du lanceur d\u2019alerte), garantissant une protection contre toute forme de repr\u00e9sailles. ou des discriminations. SAVOIA &amp; JOLANDA SPA vous encourage \u00e0 signaler, de [&hellip;]","og_url":"http:\/\/hotelsanzaccaria.com\/fr\/whistleblowing-fr\/","og_site_name":"Hotel San Zaccaria","article_modified_time":"2024-01-19T10:41:56+00:00","og_image":[{"url":"http:\/\/hotelsanzaccaria.com\/wp-content\/uploads\/2021\/10\/Hotel-San-Zaccaria-Logo-Header.svg","type":"","width":"","height":""}],"twitter_card":"summary_large_image","twitter_misc":{"Dur\u00e9e de lecture estim\u00e9e":"2 minutes"},"schema":{"@context":"https:\/\/schema.org","@graph":[{"@type":"WebPage","@id":"http:\/\/hotelsanzaccaria.com\/fr\/whistleblowing-fr\/","url":"http:\/\/hotelsanzaccaria.com\/fr\/whistleblowing-fr\/","name":"Whistleblowing - Hotel San Zaccaria","isPartOf":{"@id":"http:\/\/hotelsanzaccaria.com\/#website"},"primaryImageOfPage":{"@id":"http:\/\/hotelsanzaccaria.com\/fr\/whistleblowing-fr\/#primaryimage"},"image":{"@id":"http:\/\/hotelsanzaccaria.com\/fr\/whistleblowing-fr\/#primaryimage"},"thumbnailUrl":"http:\/\/hotelsanzaccaria.com\/wp-content\/uploads\/2021\/10\/Hotel-San-Zaccaria-Logo-Header.svg","datePublished":"2024-01-19T10:35:32+00:00","dateModified":"2024-01-19T10:41:56+00:00","breadcrumb":{"@id":"http:\/\/hotelsanzaccaria.com\/fr\/whistleblowing-fr\/#breadcrumb"},"inLanguage":"fr-FR","potentialAction":[{"@type":"ReadAction","target":["http:\/\/hotelsanzaccaria.com\/fr\/whistleblowing-fr\/"]}]},{"@type":"ImageObject","inLanguage":"fr-FR","@id":"http:\/\/hotelsanzaccaria.com\/fr\/whistleblowing-fr\/#primaryimage","url":"http:\/\/hotelsanzaccaria.com\/wp-content\/uploads\/2021\/10\/Hotel-San-Zaccaria-Logo-Header.svg","contentUrl":"http:\/\/hotelsanzaccaria.com\/wp-content\/uploads\/2021\/10\/Hotel-San-Zaccaria-Logo-Header.svg"},{"@type":"BreadcrumbList","@id":"http:\/\/hotelsanzaccaria.com\/fr\/whistleblowing-fr\/#breadcrumb","itemListElement":[{"@type":"ListItem","position":1,"name":"Home","item":"https:\/\/hotelsanzaccaria.com\/"},{"@type":"ListItem","position":2,"name":"Whistleblowing"}]},{"@type":"WebSite","@id":"http:\/\/hotelsanzaccaria.com\/#website","url":"http:\/\/hotelsanzaccaria.com\/","name":"Hotel San Zaccaria","description":"Benvenuti a Venezia","publisher":{"@id":"http:\/\/hotelsanzaccaria.com\/#organization"},"potentialAction":[{"@type":"SearchAction","target":{"@type":"EntryPoint","urlTemplate":"http:\/\/hotelsanzaccaria.com\/?s={search_term_string}"},"query-input":{"@type":"PropertyValueSpecification","valueRequired":true,"valueName":"search_term_string"}}],"inLanguage":"fr-FR"},{"@type":"Organization","@id":"http:\/\/hotelsanzaccaria.com\/#organization","name":"Hotel San Zaccaria","url":"http:\/\/hotelsanzaccaria.com\/","logo":{"@type":"ImageObject","inLanguage":"fr-FR","@id":"http:\/\/hotelsanzaccaria.com\/#\/schema\/logo\/image\/","url":"http:\/\/hotelsanzaccaria.com\/wp-content\/uploads\/2021\/11\/cropped-Logo-San-Zaccaria.png","contentUrl":"http:\/\/hotelsanzaccaria.com\/wp-content\/uploads\/2021\/11\/cropped-Logo-San-Zaccaria.png","width":414,"height":260,"caption":"Hotel San Zaccaria"},"image":{"@id":"http:\/\/hotelsanzaccaria.com\/#\/schema\/logo\/image\/"}}]}},"_links":{"self":[{"href":"http:\/\/hotelsanzaccaria.com\/fr\/wp-json\/wp\/v2\/pages\/15768"}],"collection":[{"href":"http:\/\/hotelsanzaccaria.com\/fr\/wp-json\/wp\/v2\/pages"}],"about":[{"href":"http:\/\/hotelsanzaccaria.com\/fr\/wp-json\/wp\/v2\/types\/page"}],"author":[{"embeddable":true,"href":"http:\/\/hotelsanzaccaria.com\/fr\/wp-json\/wp\/v2\/users\/10"}],"replies":[{"embeddable":true,"href":"http:\/\/hotelsanzaccaria.com\/fr\/wp-json\/wp\/v2\/comments?post=15768"}],"version-history":[{"count":2,"href":"http:\/\/hotelsanzaccaria.com\/fr\/wp-json\/wp\/v2\/pages\/15768\/revisions"}],"predecessor-version":[{"id":15771,"href":"http:\/\/hotelsanzaccaria.com\/fr\/wp-json\/wp\/v2\/pages\/15768\/revisions\/15771"}],"wp:attachment":[{"href":"http:\/\/hotelsanzaccaria.com\/fr\/wp-json\/wp\/v2\/media?parent=15768"}],"curies":[{"name":"wp","href":"https:\/\/api.w.org\/{rel}","templated":true}]}}